  {"id":4601,"date":"2026-05-03T16:36:52","date_gmt":"2026-05-03T16:36:52","guid":{"rendered":"https:\/\/albargh.net\/dalil\/?page_id=4601"},"modified":"2026-05-03T16:37:32","modified_gmt":"2026-05-03T16:37:32","slug":"francais","status":"publish","type":"page","link":"https:\/\/albargh.net\/dalil\/francais\/","title":{"rendered":"Fran\u00e7ais"},"content":{"rendered":"\n<p class=\"has-text-align-left\"><strong>Version fran\u00e7aise en cours de d\u00e9veloppement<\/strong><\/p>\n\n\n\n<p class=\"has-text-align-left\" dir=\"ltr\">Nous pr\u00e9parons actuellement la version fran\u00e7aise de <strong>Dalil Albargh<\/strong> pour mieux vous servir. Cette page sera disponible tr\u00e8s bient\u00f4t. Merci de votre patience \u0648 d&#8217;int\u00e9r\u00eat.<\/p>\n","protected":false},"excerpt":{"rendered":"<p>Version fran\u00e7aise en cours de d\u00e9veloppement Nous pr\u00e9parons actuellement la version fran\u00e7aise de Dalil Albargh pour mieux vous servir. Cette page sera disponible tr\u00e8s bient\u00f4t. Merci de votre patience \u0648 d&#8217;int\u00e9r\u00eat.<\/p>\n","protected":false},"author":1,"featured_media":0,"parent":0,"menu_order":0,"comment_status":"closed","ping_status":"closed","template":"","meta":{"_acf_changed":false,"_monsterinsights_skip_tracking":false,"_monsterinsights_sitenote_active":false,"_monsterinsights_sitenote_note":"","_monsterinsights_sitenote_category":0,"footnotes":""},"class_list":["post-4601","page","type-page","status-publish","hentry"],"acf":[],"_links":{"self":[{"href":"https:\/\/albargh.net\/dalil\/wp-json\/wp\/v2\/pages\/4601","targetHints":{"allow":["GET"]}}],"collection":[{"href":"https:\/\/albargh.net\/dalil\/wp-json\/wp\/v2\/pages"}],"about":[{"href":"https:\/\/albargh.net\/dalil\/wp-json\/wp\/v2\/types\/page"}],"author":[{"embeddable":true,"href":"https:\/\/albargh.net\/dalil\/wp-json\/wp\/v2\/users\/1"}],"replies":[{"embeddable":true,"href":"https:\/\/albargh.net\/dalil\/wp-json\/wp\/v2\/comments?post=4601"}],"version-history":[{"count":3,"href":"https:\/\/albargh.net\/dalil\/wp-json\/wp\/v2\/pages\/4601\/revisions"}],"predecessor-version":[{"id":4604,"href":"https:\/\/albargh.net\/dalil\/wp-json\/wp\/v2\/pages\/4601\/revisions\/4604"}],"wp:attachment":[{"href":"https:\/\/albargh.net\/dalil\/wp-json\/wp\/v2\/media?parent=4601"}],"curies":[{"name":"wp","href":"https:\/\/api.w.org\/{rel}","templated":true}]}}